{"id":430,"date":"2022-12-11T20:41:15","date_gmt":"2022-12-11T20:41:15","guid":{"rendered":"https:\/\/boardingpassdmc.ma\/leasure\/?page_id=430"},"modified":"2023-09-25T09:33:17","modified_gmt":"2023-09-25T09:33:17","slug":"nos-valeurs","status":"publish","type":"page","link":"https:\/\/boardingpassdmc.ma\/leasure\/nos-valeurs\/","title":{"rendered":"NOS VALEURS"},"content":{"rendered":"[vc_row type=&#8221;full_width_background&#8221; full_screen_row_position=&#8221;middle&#8221; column_margin=&#8221;default&#8221; column_direction=&#8221;default&#8221; column_direction_tablet=&#8221;default&#8221; column_direction_phone=&#8221;default&#8221; bg_color=&#8221;#0a0a0a&#8221; scene_position=&#8221;center&#8221; top_padding=&#8221;10%&#8221; bottom_padding=&#8221;10%&#8221; text_color=&#8221;light&#8221; text_align=&#8221;left&#8221; row_border_radius=&#8221;none&#8221; row_border_radius_applies=&#8221;bg&#8221; overlay_strength=&#8221;1&#8243; gradient_direction=&#8221;left_to_right&#8221; shape_divider_position=&#8221;bottom&#8221; bg_image_animation=&#8221;none&#8221;][vc_column column_padding=&#8221;no-extra-padding&#8221; column_padding_tablet=&#8221;inherit&#8221; column_padding_phone=&#8221;inherit&#8221; column_padding_position=&#8221;all&#8221; column_element_spacing=&#8221;default&#8221; background_color_opacity=&#8221;1&#8243; background_hover_color_opacity=&#8221;1&#8243; column_shadow=&#8221;none&#8221; column_border_radius=&#8221;none&#8221; column_link_target=&#8221;_self&#8221; gradient_direction=&#8221;left_to_right&#8221; overlay_strength=&#8221;0.3&#8243; width=&#8221;1\/1&#8243; tablet_width_inherit=&#8221;default&#8221; tablet_text_alignment=&#8221;default&#8221; phone_text_alignment=&#8221;default&#8221; bg_image_animation=&#8221;none&#8221; border_type=&#8221;simple&#8221; column_border_width=&#8221;none&#8221; column_border_style=&#8221;solid&#8221;][vc_row_inner column_margin=&#8221;default&#8221; column_direction=&#8221;default&#8221; column_direction_tablet=&#8221;default&#8221; column_direction_phone=&#8221;default&#8221; text_align=&#8221;left&#8221; css=&#8221;.vc_custom_1671189659446{margin-top: -100px !important;}&#8221;][vc_column_inner column_padding=&#8221;no-extra-padding&#8221; column_padding_tablet=&#8221;inherit&#8221; column_padding_phone=&#8221;inherit&#8221; column_padding_position=&#8221;top-bottom&#8221; column_element_spacing=&#8221;default&#8221; background_color_opacity=&#8221;1&#8243; background_hover_color_opacity=&#8221;1&#8243; column_shadow=&#8221;none&#8221; column_border_radius=&#8221;none&#8221; column_link_target=&#8221;_self&#8221; gradient_direction=&#8221;left_to_right&#8221; overlay_strength=&#8221;0.3&#8243; width=&#8221;1\/2&#8243; tablet_width_inherit=&#8221;default&#8221; bg_image_animation=&#8221;none&#8221; enable_animation=&#8221;true&#8221; animation=&#8221;fade-in-from-bottom&#8221; border_type=&#8221;simple&#8221; column_border_width=&#8221;none&#8221; column_border_style=&#8221;solid&#8221;][split_line_heading animation_type=&#8221;default&#8221;]\n<h3>NOS VALEURS<\/h3>\n[\/split_line_heading][vc_column_text]<span style=\"color: #ffffff; text-align: justify;\">Boarding Pass MOROCCO s\u2019oblige \u00e0 se r\u00e9inventer de fa\u00e7on performante dans une \u00e9conomie de march\u00e9 o\u00f9 l\u2019industrie du tourisme est en perp\u00e9tuelle \u00e9volution.<\/span><\/p>\n<p><span style=\"color: #ffffff; text-align: justify;\"><strong>Le RESPECT<\/strong> est \u00e0 la base de toute cr\u00e9ation de valeur. Comme un cercle vertueux, nous pensons que l\u2019ouverture, la bienveillance et l\u2019\u00e9merveillement sont les premiers pas vers le respect.<\/span><br \/>\n<span style=\"color: #ffffff; text-align: justify;\"><strong>L\u2019INNOVATION<\/strong> est notre leitmotiv. Et comme le changement s\u2019accompagne d\u2019une remise en question de nos fa\u00e7ons de faire et de nos savoir-\u00eatre, adopter une approche innovante nous permet de faire \u00e9merger les meilleures solutions.<\/span><br \/>\n<span style=\"color: #ffffff; text-align: justify;\"><strong>La SOLIDARITE<\/strong> fait partie de notre conviction &#8230; Nous sommes convaincus que nous faisons tous et toutes partie de la solution ! La solidarit\u00e9 signifie que nous agissons toujours en favorisant la collaboration, l\u2019entraide et la cr\u00e9ation.<\/span><br \/>\n<span style=\"color: #ffffff; text-align: justify;\"><strong>L\u2019INTEGRITE<\/strong>, c\u2019est agir en toute conscience. Face aux enjeux et aux impacts auxquels nous sommes confront\u00e9s, nous nous engageons \u00e0 tout mettre en \u0153uvre afin d\u2019atteindre des r\u00e9sultats significatifs, tout en suivant une ligne directrice porteuse de sens.<\/span><\/p>\n<p><span style=\"color: #ffffff; text-align: justify;\"><b>Notre valeur ajout\u00e9e <\/b><\/span><br \/>\n<span style=\"color: #ffffff;\">Interlocuteur unique &amp; Key Account Manager d\u00e9di\u00e9<\/span><br \/>\n<span style=\"color: #ffffff; text-align: justify;\">Service de qualit\u00e9 &amp; Esprit d\u2019innovation<\/span><br \/>\n<span style=\"color: #ffffff; text-align: justify;\">R\u00e9activit\u00e9 imm\u00e9diate &amp; Assistance sur site 24H\/7J<\/span><br \/>\n<span style=\"color: #ffffff; text-align: justify;\">Originalit\u00e9 des produits propos\u00e9s<\/span><br \/>\n<span style=\"color: #ffffff; text-align: justify;\">Equipe professionnelle aux talents diversifi\u00e9s <\/span><br \/>\n<span style=\"color: #ffffff; text-align: justify;\">Expertise de la destination <\/span>[\/vc_column_text][\/vc_column_inner][vc_column_inner column_padding=&#8221;no-extra-padding&#8221; column_padding_tablet=&#8221;inherit&#8221; column_padding_phone=&#8221;inherit&#8221; column_padding_position=&#8221;top-bottom&#8221; column_element_spacing=&#8221;default&#8221; background_color_opacity=&#8221;1&#8243; background_hover_color_opacity=&#8221;1&#8243; column_shadow=&#8221;none&#8221; column_border_radius=&#8221;none&#8221; column_link_target=&#8221;_self&#8221; gradient_direction=&#8221;left_to_right&#8221; overlay_strength=&#8221;0.3&#8243; width=&#8221;1\/2&#8243; tablet_width_inherit=&#8221;default&#8221; bg_image_animation=&#8221;none&#8221; enable_animation=&#8221;true&#8221; animation=&#8221;fade-in-from-bottom&#8221; border_type=&#8221;simple&#8221; column_border_width=&#8221;none&#8221; column_border_style=&#8221;solid&#8221; delay=&#8221;100&#8243;][divider line_type=&#8221;No Line&#8221; custom_height=&#8221;70px&#8221;][image_with_animation image_url=&#8221;440&#8243; animation=&#8221;Fade In&#8221; hover_animation=&#8221;none&#8221; alignment=&#8221;&#8221; border_radius=&#8221;none&#8221; box_shadow=&#8221;none&#8221; image_loading=&#8221;default&#8221; max_width=&#8221;100%&#8221; max_width_mobile=&#8221;default&#8221;][\/vc_column_inner][\/vc_row_inner][\/vc_column][\/vc_row]\n","protected":false},"excerpt":{"rendered":"<p>[vc_row type=&#8221;full_width_background&#8221; full_screen_row_position=&#8221;middle&#8221; column_margin=&#8221;default&#8221; column_direction=&#8221;default&#8221; column_direction_tablet=&#8221;default&#8221; column_direction_phone=&#8221;default&#8221; bg_color=&#8221;#0a0a0a&#8221; scene_position=&#8221;center&#8221; top_padding=&#8221;10%&#8221; bottom_padding=&#8221;10%&#8221; text_color=&#8221;light&#8221; text_align=&#8221;left&#8221; row_border_radius=&#8221;none&#8221; row_border_radius_applies=&#8221;bg&#8221; overlay_strength=&#8221;1&#8243; gradient_direction=&#8221;left_to_right&#8221; shape_divider_position=&#8221;bottom&#8221; bg_image_animation=&#8221;none&#8221;][vc_column column_padding=&#8221;no-extra-padding&#8221; column_padding_tablet=&#8221;inherit&#8221; column_padding_phone=&#8221;inherit&#8221; column_padding_position=&#8221;all&#8221; column_element_spacing=&#8221;default&#8221; background_color_opacity=&#8221;1&#8243; background_hover_color_opacity=&#8221;1&#8243; column_shadow=&#8221;none&#8221; column_border_radius=&#8221;none&#8221; column_link_target=&#8221;_self&#8221; gradient_direction=&#8221;left_to_right&#8221;&#8230;<\/p>\n","protected":false},"author":1,"featured_media":0,"parent":0,"menu_order":0,"comment_status":"closed","ping_status":"closed","template":"","meta":{"footnotes":""},"class_list":["post-430","page","type-page","status-publish"],"_links":{"self":[{"href":"https:\/\/boardingpassdmc.ma\/leasure\/wp-json\/wp\/v2\/pages\/430","targetHints":{"allow":["GET"]}}],"collection":[{"href":"https:\/\/boardingpassdmc.ma\/leasure\/wp-json\/wp\/v2\/pages"}],"about":[{"href":"https:\/\/boardingpassdmc.ma\/leasure\/wp-json\/wp\/v2\/types\/page"}],"author":[{"embeddable":true,"href":"https:\/\/boardingpassdmc.ma\/leasure\/wp-json\/wp\/v2\/users\/1"}],"replies":[{"embeddable":true,"href":"https:\/\/boardingpassdmc.ma\/leasure\/wp-json\/wp\/v2\/comments?post=430"}],"version-history":[{"count":28,"href":"https:\/\/boardingpassdmc.ma\/leasure\/wp-json\/wp\/v2\/pages\/430\/revisions"}],"predecessor-version":[{"id":618,"href":"https:\/\/boardingpassdmc.ma\/leasure\/wp-json\/wp\/v2\/pages\/430\/revisions\/618"}],"wp:attachment":[{"href":"https:\/\/boardingpassdmc.ma\/leasure\/wp-json\/wp\/v2\/media?parent=430"}],"curies":[{"name":"wp","href":"https:\/\/api.w.org\/{rel}","templated":true}]}}